{"id":5274,"date":"2026-03-06T17:57:15","date_gmt":"2026-03-06T17:57:15","guid":{"rendered":"https:\/\/columbus.amspro.net\/?page_id=5274"},"modified":"2026-05-06T16:16:30","modified_gmt":"2026-05-06T16:16:30","slug":"eligibility","status":"publish","type":"page","link":"https:\/\/columbus.amspro.net\/es\/eligibility\/","title":{"rendered":"Elegibilidad"},"content":{"rendered":"<div data-elementor-type=\"wp-page\" data-elementor-id=\"5274\" class=\"elementor elementor-5274\" data-elementor-post-type=\"page\">\n\t\t\t\t<div class=\"e-con-gap-no elementor-element elementor-element-7c638cf e-con-full e-flex sc_layouts_column_icons_position_left animation_type_block elementor-invisible e-con e-parent\" data-animation-type=\"block\" data-id=\"7c638cf\" data-element_type=\"container\" data-e-type=\"container\" data-settings=\"{&quot;animation&quot;:&quot;ta_fadein&quot;}\">\n\t\t<div class=\"elementor-element elementor-element-69b55b0 e-con-full e-flex sc_layouts_column_icons_position_left e-con e-child\" data-id=\"69b55b0\" data-element_type=\"container\" data-e-type=\"container\" data-settings=\"{&quot;background_background&quot;:&quot;classic&quot;}\">\n\t\t\t\t<div data-animation-type=\"char\" data-animation-stagger=\"30\" class=\"elementor-element elementor-element-67af690 elementor-widget__width-inherit animation_type_char trx-addons-animate sc_fly_static elementor-invisible elementor-widget elementor-widget-trx_elm_advanced_title\" data-id=\"67af690\" data-element_type=\"widget\" data-e-type=\"widget\" data-settings=\"{&quot;_animation&quot;:&quot;ta_fadeinup&quot;}\" data-widget_type=\"trx_elm_advanced_title.default\">\n\t\t\t\t<div class=\"elementor-widget-container\">\n\t\t\t\t\t<h2 class=\"trx-addons-advanced-title\" style=\"--var-trx-addons-advanced-title-highlight-animation-duration: 2000ms;\">\n<span class=\"trx-addons-advanced-title-item trx-addons-advanced-title-item-text elementor-repeater-item-1d8f3e7\">Elegibilidad<\/span><\/h2>\t\t\t\t<\/div>\n\t\t\t\t<\/div>\n\t\t\t\t<\/div>\n\t\t\t\t<\/div>\n\t\t<div class=\"elementor-element elementor-element-4dabbae e-flex e-con-boxed sc_layouts_column_icons_position_left e-con e-parent\" data-id=\"4dabbae\" data-element_type=\"container\" data-e-type=\"container\">\n\t\t\t\t\t<div class=\"e-con-inner\">\n\t\t<div data-animation-type=\"block\" class=\"elementor-element elementor-element-5f06761 e-con-full e-flex sc_layouts_column_icons_position_left animation_type_block elementor-invisible e-con e-child\" data-id=\"5f06761\" data-element_type=\"container\" data-e-type=\"container\" data-settings=\"{&quot;animation&quot;:&quot;ta_fadeinup&quot;}\">\n\t\t\t\t<div class=\"elementor-element elementor-element-5f533de sc_fly_static elementor-widget elementor-widget-heading\" data-id=\"5f533de\" data-element_type=\"widget\" data-e-type=\"widget\" data-widget_type=\"heading.default\">\n\t\t\t\t<div class=\"elementor-widget-container\">\n\t\t\t\t\t<h2 class=\"elementor-heading-title elementor-size-default\">\u00bfQui\u00e9n es elegible?<\/h2>\t\t\t\t<\/div>\n\t\t\t\t<\/div>\n\t\t\t\t<div class=\"elementor-element elementor-element-dd0830d sc_fly_static elementor-widget elementor-widget-text-editor\" data-id=\"dd0830d\" data-element_type=\"widget\" data-e-type=\"widget\" data-widget_type=\"text-editor.default\">\n\t\t\t\t<div class=\"elementor-widget-container\">\n\t\t\t\t\t\t\t\t\t<div class=\"elementor-element elementor-element-5f533de sc_fly_static elementor-widget elementor-widget-heading trx_addons_parallax_layers_inited trx_addons_parallax_blocks_inited\" data-id=\"5f533de\" data-element_type=\"widget\" data-widget_type=\"heading.default\"><div class=\"elementor-widget-container\">Los residentes de Columbus y las peque\u00f1as empresas atendidas por AEP Ohio son elegibles para participar. \u00a1Verifica tu elegibilidad a continuaci\u00f3n!<\/div><div class=\"elementor-widget-container\">Los clientes atendidos por la Divisi\u00f3n de Energ\u00eda de la Ciudad de Columbus en lugar de AEP Ohio no son elegibles debido a las regulaciones estatales. Sin embargo, la Ciudad ofrece opciones de energ\u00eda limpia para sus clientes. Obtenga m\u00e1s informaci\u00f3n sobre <a href=\"https:\/\/www.columbus.gov\/Services\/Columbus-Water-Power\/About-Columbus-Water-Power\/Division-of-Power\/Duplicate-The-Division-of-Power\/Powering-a-Greener-Columbus\"><span style=\"font-weight: 400;\">los programas ecol\u00f3gicos disponibles de la Divisi\u00f3n de Poder<\/span><\/a> , incluyendo <a href=\"https:\/\/ecosmartchoice.org\/municipality\/columbus-oh\/\"><span style=\"font-weight: 400;\">EcoSmartChoice.<\/span><\/a><\/div><\/div>\t\t\t\t\t\t\t\t<\/div>\n\t\t\t\t<\/div>\n\t\t\t\t<div class=\"elementor-element elementor-element-5e0d069 sc_fly_static elementor-widget elementor-widget-button\" data-id=\"5e0d069\" data-element_type=\"widget\" data-e-type=\"widget\" data-widget_type=\"button.default\">\n\t\t\t\t<div class=\"elementor-widget-container\">\n\t\t\t\t\t\t\t\t\t<div class=\"elementor-button-wrapper\">\n\t\t\t\t\t<a class=\"elementor-button elementor-button-link elementor-size-sm\" href=\"https:\/\/www.aepenergy.com\/acquisition\/aggregation\/clean-energy-columbus\/%20\">\n\t\t\t\t\t\t<span class=\"elementor-button-content-wrapper\">\n\t\t\t\t\t\t\t\t\t<span class=\"elementor-button-text\">Verificar elegibilidad<\/span>\n\t\t\t\t\t<\/span>\n\t\t\t\t\t<\/a>\n\t\t\t\t<\/div>\n\t\t\t\t\t\t\t\t<\/div>\n\t\t\t\t<\/div>\n\t\t\t\t<\/div>\n\t\t<div data-animation-type=\"block\" class=\"elementor-element elementor-element-1d38c7f e-con-full e-flex sc_layouts_column_icons_position_left animation_type_block elementor-invisible e-con e-child\" data-id=\"1d38c7f\" data-element_type=\"container\" data-e-type=\"container\" data-settings=\"{&quot;animation&quot;:&quot;ta_fadeinup&quot;,&quot;animation_delay&quot;:100}\">\n\t\t\t\t<div class=\"elementor-element elementor-element-024dcac sc_fly_static elementor-widget elementor-widget-image\" data-id=\"024dcac\" data-element_type=\"widget\" data-e-type=\"widget\" data-widget_type=\"image.default\">\n\t\t\t\t<div class=\"elementor-widget-container\">\n\t\t\t\t\t\t\t\t\t\t\t\t\t\t\t<img fetchpriority=\"high\" decoding=\"async\" width=\"670\" height=\"591\" src=\"https:\/\/columbus.amspro.net\/wp-content\/uploads\/2026\/03\/clean-energy-columbus-community-benefit-min.jpg\" class=\"attachment-full size-full wp-image-5276\" alt=\"Columbus residents and small business owners eligible for the Clean Energy program\" srcset=\"https:\/\/columbus.amspro.net\/wp-content\/uploads\/2026\/03\/clean-energy-columbus-community-benefit-min.jpg 670w, https:\/\/columbus.amspro.net\/wp-content\/uploads\/2026\/03\/clean-energy-columbus-community-benefit-min-300x265.jpg 300w, https:\/\/columbus.amspro.net\/wp-content\/uploads\/2026\/03\/clean-energy-columbus-community-benefit-min-370x326.jpg 370w, https:\/\/columbus.amspro.net\/wp-content\/uploads\/2026\/03\/clean-energy-columbus-community-benefit-min-410x362.jpg 410w\" sizes=\"(max-width: 767px) 100vw, 670px\" \/>\t\t\t\t\t\t\t\t\t\t\t\t\t\t\t<\/div>\n\t\t\t\t<\/div>\n\t\t\t\t<\/div>\n\t\t\t\t\t<\/div>\n\t\t\t\t<\/div>\n\t\t\t\t<\/div>","protected":false},"excerpt":{"rendered":"<p>Eligibility Who Is Eligible Columbus residents and small businesses served by AEP Ohio&hellip;<\/p>","protected":false},"author":1,"featured_media":0,"parent":0,"menu_order":0,"comment_status":"closed","ping_status":"closed","template":"elementor_header_footer","meta":{"footnotes":""},"class_list":["post-5274","page","type-page","status-publish","hentry"],"yoast_head":"<!-- This site is optimized with the Yoast SEO plugin v27.5 - https:\/\/yoast.com\/product\/yoast-seo-wordpress\/ -->\n<title>Eligibility - Clean Energy Columbus<\/title>\n<meta name=\"robots\" content=\"index, follow, max-snippet:-1, max-image-preview:large, max-video-preview:-1\" \/>\n<link rel=\"canonical\" href=\"https:\/\/columbus.amspro.net\/es\/eligibility\/\" \/>\n<meta property=\"og:locale\" content=\"es_ES\" \/>\n<meta property=\"og:type\" content=\"article\" \/>\n<meta property=\"og:title\" content=\"Eligibility - Clean Energy Columbus\" \/>\n<meta property=\"og:description\" content=\"Eligibility Who Is Eligible Columbus residents and small businesses served by AEP Ohio&hellip;\" \/>\n<meta property=\"og:url\" content=\"https:\/\/columbus.amspro.net\/es\/eligibility\/\" \/>\n<meta property=\"og:site_name\" content=\"Clean Energy Columbus\" \/>\n<meta property=\"article:publisher\" content=\"https:\/\/www.facebook.com\/SustainableColumbus\/\" \/>\n<meta property=\"article:modified_time\" content=\"2026-05-06T16:16:30+00:00\" \/>\n<meta property=\"og:image\" content=\"https:\/\/columbus.amspro.net\/wp-content\/uploads\/2026\/03\/clean-energy-columbus-community-benefit-min.jpg\" \/>\n\t<meta property=\"og:image:width\" content=\"670\" \/>\n\t<meta property=\"og:image:height\" content=\"591\" \/>\n\t<meta property=\"og:image:type\" content=\"image\/jpeg\" \/>\n<meta name=\"twitter:card\" content=\"summary_large_image\" \/>\n<meta name=\"twitter:site\" content=\"@SustainableCol1\" \/>\n<meta name=\"twitter:label1\" content=\"Tiempo de lectura\" \/>\n\t<meta name=\"twitter:data1\" content=\"1 minuto\" \/>\n<script type=\"application\/ld+json\" class=\"yoast-schema-graph\">{\"@context\":\"https:\\\/\\\/schema.org\",\"@graph\":[{\"@type\":\"WebPage\",\"@id\":\"https:\\\/\\\/columbus.amspro.net\\\/eligibility\\\/\",\"url\":\"https:\\\/\\\/columbus.amspro.net\\\/eligibility\\\/\",\"name\":\"Eligibility - Clean Energy Columbus\",\"isPartOf\":{\"@id\":\"https:\\\/\\\/columbus.amspro.net\\\/#website\"},\"primaryImageOfPage\":{\"@id\":\"https:\\\/\\\/columbus.amspro.net\\\/eligibility\\\/#primaryimage\"},\"image\":{\"@id\":\"https:\\\/\\\/columbus.amspro.net\\\/eligibility\\\/#primaryimage\"},\"thumbnailUrl\":\"https:\\\/\\\/columbus.amspro.net\\\/wp-content\\\/uploads\\\/2026\\\/03\\\/clean-energy-columbus-community-benefit-min.jpg\",\"datePublished\":\"2026-03-06T17:57:15+00:00\",\"dateModified\":\"2026-05-06T16:16:30+00:00\",\"breadcrumb\":{\"@id\":\"https:\\\/\\\/columbus.amspro.net\\\/eligibility\\\/#breadcrumb\"},\"inLanguage\":\"es\",\"potentialAction\":[{\"@type\":\"ReadAction\",\"target\":[\"https:\\\/\\\/columbus.amspro.net\\\/eligibility\\\/\"]}]},{\"@type\":\"ImageObject\",\"inLanguage\":\"es\",\"@id\":\"https:\\\/\\\/columbus.amspro.net\\\/eligibility\\\/#primaryimage\",\"url\":\"https:\\\/\\\/columbus.amspro.net\\\/wp-content\\\/uploads\\\/2026\\\/03\\\/clean-energy-columbus-community-benefit-min.jpg\",\"contentUrl\":\"https:\\\/\\\/columbus.amspro.net\\\/wp-content\\\/uploads\\\/2026\\\/03\\\/clean-energy-columbus-community-benefit-min.jpg\"},{\"@type\":\"BreadcrumbList\",\"@id\":\"https:\\\/\\\/columbus.amspro.net\\\/eligibility\\\/#breadcrumb\",\"itemListElement\":[{\"@type\":\"ListItem\",\"position\":1,\"name\":\"Home\",\"item\":\"https:\\\/\\\/columbus.amspro.net\\\/\"},{\"@type\":\"ListItem\",\"position\":2,\"name\":\"Eligibility\"}]},{\"@type\":\"WebSite\",\"@id\":\"https:\\\/\\\/columbus.amspro.net\\\/#website\",\"url\":\"https:\\\/\\\/columbus.amspro.net\\\/\",\"name\":\"Clean Energy Columbus\",\"description\":\"City&#039;s 100% Clean Energy Program\",\"publisher\":{\"@id\":\"https:\\\/\\\/columbus.amspro.net\\\/#organization\"},\"potentialAction\":[{\"@type\":\"SearchAction\",\"target\":{\"@type\":\"EntryPoint\",\"urlTemplate\":\"https:\\\/\\\/columbus.amspro.net\\\/?s={search_term_string}\"},\"query-input\":{\"@type\":\"PropertyValueSpecification\",\"valueRequired\":true,\"valueName\":\"search_term_string\"}}],\"inLanguage\":\"es\"},{\"@type\":\"Organization\",\"@id\":\"https:\\\/\\\/columbus.amspro.net\\\/#organization\",\"name\":\"Clean Energy Columbus\",\"url\":\"https:\\\/\\\/columbus.amspro.net\\\/\",\"logo\":{\"@type\":\"ImageObject\",\"inLanguage\":\"es\",\"@id\":\"https:\\\/\\\/columbus.amspro.net\\\/#\\\/schema\\\/logo\\\/image\\\/\",\"url\":\"https:\\\/\\\/columbus.amspro.net\\\/wp-content\\\/uploads\\\/2026\\\/02\\\/Screenshot_CEC-Logo.png\",\"contentUrl\":\"https:\\\/\\\/columbus.amspro.net\\\/wp-content\\\/uploads\\\/2026\\\/02\\\/Screenshot_CEC-Logo.png\",\"width\":333,\"height\":103,\"caption\":\"Clean Energy Columbus\"},\"image\":{\"@id\":\"https:\\\/\\\/columbus.amspro.net\\\/#\\\/schema\\\/logo\\\/image\\\/\"},\"sameAs\":[\"https:\\\/\\\/www.facebook.com\\\/SustainableColumbus\\\/\",\"https:\\\/\\\/x.com\\\/SustainableCol1\",\"https:\\\/\\\/www.instagram.com\\\/sustainablecolumbus\\\/\"]}]}<\/script>\n<!-- \/ Yoast SEO plugin. -->","yoast_head_json":{"title":"Eligibility - Clean Energy Columbus","robots":{"index":"index","follow":"follow","max-snippet":"max-snippet:-1","max-image-preview":"max-image-preview:large","max-video-preview":"max-video-preview:-1"},"canonical":"https:\/\/columbus.amspro.net\/es\/eligibility\/","og_locale":"es_ES","og_type":"article","og_title":"Eligibility - Clean Energy Columbus","og_description":"Eligibility Who Is Eligible Columbus residents and small businesses served by AEP Ohio&hellip;","og_url":"https:\/\/columbus.amspro.net\/es\/eligibility\/","og_site_name":"Clean Energy Columbus","article_publisher":"https:\/\/www.facebook.com\/SustainableColumbus\/","article_modified_time":"2026-05-06T16:16:30+00:00","og_image":[{"width":670,"height":591,"url":"https:\/\/columbus.amspro.net\/wp-content\/uploads\/2026\/03\/clean-energy-columbus-community-benefit-min.jpg","type":"image\/jpeg"}],"twitter_card":"summary_large_image","twitter_site":"@SustainableCol1","twitter_misc":{"Tiempo de lectura":"1 minuto"},"schema":{"@context":"https:\/\/schema.org","@graph":[{"@type":"WebPage","@id":"https:\/\/columbus.amspro.net\/eligibility\/","url":"https:\/\/columbus.amspro.net\/eligibility\/","name":"Eligibility - Clean Energy Columbus","isPartOf":{"@id":"https:\/\/columbus.amspro.net\/#website"},"primaryImageOfPage":{"@id":"https:\/\/columbus.amspro.net\/eligibility\/#primaryimage"},"image":{"@id":"https:\/\/columbus.amspro.net\/eligibility\/#primaryimage"},"thumbnailUrl":"https:\/\/columbus.amspro.net\/wp-content\/uploads\/2026\/03\/clean-energy-columbus-community-benefit-min.jpg","datePublished":"2026-03-06T17:57:15+00:00","dateModified":"2026-05-06T16:16:30+00:00","breadcrumb":{"@id":"https:\/\/columbus.amspro.net\/eligibility\/#breadcrumb"},"inLanguage":"es","potentialAction":[{"@type":"ReadAction","target":["https:\/\/columbus.amspro.net\/eligibility\/"]}]},{"@type":"ImageObject","inLanguage":"es","@id":"https:\/\/columbus.amspro.net\/eligibility\/#primaryimage","url":"https:\/\/columbus.amspro.net\/wp-content\/uploads\/2026\/03\/clean-energy-columbus-community-benefit-min.jpg","contentUrl":"https:\/\/columbus.amspro.net\/wp-content\/uploads\/2026\/03\/clean-energy-columbus-community-benefit-min.jpg"},{"@type":"BreadcrumbList","@id":"https:\/\/columbus.amspro.net\/eligibility\/#breadcrumb","itemListElement":[{"@type":"ListItem","position":1,"name":"Home","item":"https:\/\/columbus.amspro.net\/"},{"@type":"ListItem","position":2,"name":"Eligibility"}]},{"@type":"WebSite","@id":"https:\/\/columbus.amspro.net\/#website","url":"https:\/\/columbus.amspro.net\/","name":"Energ\u00eda Limpia Columbus","description":"Programa de Energ\u00eda Limpia de la Ciudad 100%","publisher":{"@id":"https:\/\/columbus.amspro.net\/#organization"},"potentialAction":[{"@type":"SearchAction","target":{"@type":"EntryPoint","urlTemplate":"https:\/\/columbus.amspro.net\/?s={search_term_string}"},"query-input":{"@type":"PropertyValueSpecification","valueRequired":true,"valueName":"search_term_string"}}],"inLanguage":"es"},{"@type":"Organization","@id":"https:\/\/columbus.amspro.net\/#organization","name":"Energ\u00eda Limpia Columbus","url":"https:\/\/columbus.amspro.net\/","logo":{"@type":"ImageObject","inLanguage":"es","@id":"https:\/\/columbus.amspro.net\/#\/schema\/logo\/image\/","url":"https:\/\/columbus.amspro.net\/wp-content\/uploads\/2026\/02\/Screenshot_CEC-Logo.png","contentUrl":"https:\/\/columbus.amspro.net\/wp-content\/uploads\/2026\/02\/Screenshot_CEC-Logo.png","width":333,"height":103,"caption":"Clean Energy Columbus"},"image":{"@id":"https:\/\/columbus.amspro.net\/#\/schema\/logo\/image\/"},"sameAs":["https:\/\/www.facebook.com\/SustainableColumbus\/","https:\/\/x.com\/SustainableCol1","https:\/\/www.instagram.com\/sustainablecolumbus\/"]}]}},"_links":{"self":[{"href":"https:\/\/columbus.amspro.net\/es\/wp-json\/wp\/v2\/pages\/5274","targetHints":{"allow":["GET"]}}],"collection":[{"href":"https:\/\/columbus.amspro.net\/es\/wp-json\/wp\/v2\/pages"}],"about":[{"href":"https:\/\/columbus.amspro.net\/es\/wp-json\/wp\/v2\/types\/page"}],"author":[{"embeddable":true,"href":"https:\/\/columbus.amspro.net\/es\/wp-json\/wp\/v2\/users\/1"}],"replies":[{"embeddable":true,"href":"https:\/\/columbus.amspro.net\/es\/wp-json\/wp\/v2\/comments?post=5274"}],"version-history":[{"count":15,"href":"https:\/\/columbus.amspro.net\/es\/wp-json\/wp\/v2\/pages\/5274\/revisions"}],"predecessor-version":[{"id":6915,"href":"https:\/\/columbus.amspro.net\/es\/wp-json\/wp\/v2\/pages\/5274\/revisions\/6915"}],"wp:attachment":[{"href":"https:\/\/columbus.amspro.net\/es\/wp-json\/wp\/v2\/media?parent=5274"}],"curies":[{"name":"wp","href":"https:\/\/api.w.org\/{rel}","templated":true}]}}