{"id":5283,"date":"2026-03-06T18:07:19","date_gmt":"2026-03-06T18:07:19","guid":{"rendered":"https:\/\/columbus.amspro.net\/?page_id=5283"},"modified":"2026-04-27T11:36:17","modified_gmt":"2026-04-27T11:36:17","slug":"opt-out","status":"publish","type":"page","link":"https:\/\/columbus.amspro.net\/es\/opt-out\/","title":{"rendered":"Excluirse"},"content":{"rendered":"<div data-elementor-type=\"wp-page\" data-elementor-id=\"5283\" class=\"elementor elementor-5283\" data-elementor-post-type=\"page\">\n\t\t\t\t<div class=\"e-con-gap-no elementor-element elementor-element-7c638cf e-con-full e-flex sc_layouts_column_icons_position_left animation_type_block elementor-invisible e-con e-parent\" data-animation-type=\"block\" data-id=\"7c638cf\" data-element_type=\"container\" data-e-type=\"container\" data-settings=\"{&quot;animation&quot;:&quot;ta_fadein&quot;}\">\n\t\t<div class=\"elementor-element elementor-element-69b55b0 e-con-full e-flex sc_layouts_column_icons_position_left e-con e-child\" data-id=\"69b55b0\" data-element_type=\"container\" data-e-type=\"container\" data-settings=\"{&quot;background_background&quot;:&quot;classic&quot;}\">\n\t\t\t\t<div data-animation-type=\"char\" data-animation-stagger=\"30\" class=\"elementor-element elementor-element-67af690 elementor-widget__width-inherit animation_type_char trx-addons-animate sc_fly_static elementor-invisible elementor-widget elementor-widget-trx_elm_advanced_title\" data-id=\"67af690\" data-element_type=\"widget\" data-e-type=\"widget\" data-settings=\"{&quot;_animation&quot;:&quot;ta_fadeinup&quot;}\" data-widget_type=\"trx_elm_advanced_title.default\">\n\t\t\t\t<div class=\"elementor-widget-container\">\n\t\t\t\t\t<h2 class=\"trx-addons-advanced-title\" style=\"--var-trx-addons-advanced-title-highlight-animation-duration: 2000ms;\">\n<span class=\"trx-addons-advanced-title-item trx-addons-advanced-title-item-text elementor-repeater-item-1d8f3e7\">Excluirse<\/span><\/h2>\t\t\t\t<\/div>\n\t\t\t\t<\/div>\n\t\t\t\t<\/div>\n\t\t\t\t<\/div>\n\t\t<div class=\"elementor-element elementor-element-4dabbae e-con-full e-flex sc_layouts_column_icons_position_left e-con e-parent\" data-id=\"4dabbae\" data-element_type=\"container\" data-e-type=\"container\">\n\t\t<div data-animation-type=\"block\" class=\"elementor-element elementor-element-5f06761 e-con-full e-flex sc_layouts_column_icons_position_left animation_type_block elementor-invisible e-con e-child\" data-id=\"5f06761\" data-element_type=\"container\" data-e-type=\"container\" data-settings=\"{&quot;animation&quot;:&quot;ta_fadeinup&quot;}\">\n\t\t\t\t<div class=\"elementor-element elementor-element-5f533de sc_fly_static elementor-widget elementor-widget-heading\" data-id=\"5f533de\" data-element_type=\"widget\" data-e-type=\"widget\" data-widget_type=\"heading.default\">\n\t\t\t\t<div class=\"elementor-widget-container\">\n\t\t\t\t\t<h2 class=\"elementor-heading-title elementor-size-default\">La participaci\u00f3n es tu elecci\u00f3n<\/h2>\t\t\t\t<\/div>\n\t\t\t\t<\/div>\n\t\t\t\t<div class=\"elementor-element elementor-element-0707569 sc_fly_static elementor-widget elementor-widget-text-editor\" data-id=\"0707569\" data-element_type=\"widget\" data-e-type=\"widget\" data-widget_type=\"text-editor.default\">\n\t\t\t\t<div class=\"elementor-widget-container\">\n\t\t\t\t\t\t\t\t\t<p>Puede darse de baja del programa en cualquier momento. Llame al 1-888-307-0264 o visite el sitio web de AEP Energy en <a href=\"https:\/\/www.aepenergy.com\/CBUS\">www.aepenergy.com\/cbus<\/a> para m\u00e1s informaci\u00f3n.<\/p><p>Si recibi\u00f3 un aviso sobre Clean Energy Columbus para su hogar o negocio, su servicio de electricidad continuar\u00e1 a trav\u00e9s del programa a menos que decida darse de baja. Si se da de baja, no participar\u00e1 en el programa de energ\u00eda de la Ciudad de Columbus.<\/p><p>No hay tarifa por darse de baja. <span style=\"font-weight: 400;\">del programa o para volver a unirse a \u00e9l<\/span>. Puede optar por volver a unirse al programa en el futuro. Antes de optar por participar, revise la <a href=\"https:\/\/columbus.amspro.net\/wp-content\/uploads\/2026\/03\/07.28.21OH_COL_AGG_SCResCon.pdf\">T\u00e9rminos y Condiciones.<\/a><\/p>\t\t\t\t\t\t\t\t<\/div>\n\t\t\t\t<\/div>\n\t\t\t\t<\/div>\n\t\t<div data-animation-type=\"block\" class=\"elementor-element elementor-element-1d38c7f e-con-full e-flex sc_layouts_column_icons_position_left animation_type_block elementor-invisible e-con e-child\" data-id=\"1d38c7f\" data-element_type=\"container\" data-e-type=\"container\" data-settings=\"{&quot;animation&quot;:&quot;ta_fadeinup&quot;,&quot;animation_delay&quot;:100}\">\n\t\t\t\t<div class=\"elementor-element elementor-element-024dcac sc_fly_static elementor-widget elementor-widget-image\" data-id=\"024dcac\" data-element_type=\"widget\" data-e-type=\"widget\" data-widget_type=\"image.default\">\n\t\t\t\t<div class=\"elementor-widget-container\">\n\t\t\t\t\t\t\t\t\t\t\t\t\t\t\t<img fetchpriority=\"high\" decoding=\"async\" width=\"600\" height=\"400\" src=\"https:\/\/columbus.amspro.net\/wp-content\/uploads\/2026\/03\/HIlltop043-gh.jpg\" class=\"attachment-full size-full wp-image-5285\" alt=\"Columbus Hilltop neighborhood street scene\" srcset=\"https:\/\/columbus.amspro.net\/wp-content\/uploads\/2026\/03\/HIlltop043-gh.jpg 600w, https:\/\/columbus.amspro.net\/wp-content\/uploads\/2026\/03\/HIlltop043-gh-300x200.jpg 300w, https:\/\/columbus.amspro.net\/wp-content\/uploads\/2026\/03\/HIlltop043-gh-370x247.jpg 370w, https:\/\/columbus.amspro.net\/wp-content\/uploads\/2026\/03\/HIlltop043-gh-410x273.jpg 410w\" sizes=\"(max-width: 767px) 100vw, 600px\" \/>\t\t\t\t\t\t\t\t\t\t\t\t\t\t\t<\/div>\n\t\t\t\t<\/div>\n\t\t\t\t<\/div>\n\t\t\t\t<\/div>\n\t\t\t\t<\/div>","protected":false},"excerpt":{"rendered":"<p>Opt-Out Participation is your choice You can opt out of the program at&hellip;<\/p>","protected":false},"author":1,"featured_media":0,"parent":0,"menu_order":0,"comment_status":"closed","ping_status":"closed","template":"elementor_header_footer","meta":{"footnotes":""},"class_list":["post-5283","page","type-page","status-publish","hentry"],"yoast_head":"<!-- This site is optimized with the Yoast SEO plugin v27.5 - https:\/\/yoast.com\/product\/yoast-seo-wordpress\/ -->\n<title>Opt-out - Clean Energy Columbus<\/title>\n<meta name=\"robots\" content=\"index, follow, max-snippet:-1, max-image-preview:large, max-video-preview:-1\" \/>\n<link rel=\"canonical\" href=\"https:\/\/columbus.amspro.net\/es\/opt-out\/\" \/>\n<meta property=\"og:locale\" content=\"es_ES\" \/>\n<meta property=\"og:type\" content=\"article\" \/>\n<meta property=\"og:title\" content=\"Opt-out - Clean Energy Columbus\" \/>\n<meta property=\"og:description\" content=\"Opt-Out Participation is your choice You can opt out of the program at&hellip;\" \/>\n<meta property=\"og:url\" content=\"https:\/\/columbus.amspro.net\/es\/opt-out\/\" \/>\n<meta property=\"og:site_name\" content=\"Clean Energy Columbus\" \/>\n<meta property=\"article:publisher\" content=\"https:\/\/www.facebook.com\/SustainableColumbus\/\" \/>\n<meta property=\"article:modified_time\" content=\"2026-04-27T11:36:17+00:00\" \/>\n<meta property=\"og:image\" content=\"https:\/\/columbus.amspro.net\/wp-content\/uploads\/2026\/03\/HIlltop043-gh.jpg\" \/>\n\t<meta property=\"og:image:width\" content=\"600\" \/>\n\t<meta property=\"og:image:height\" content=\"400\" \/>\n\t<meta property=\"og:image:type\" content=\"image\/jpeg\" \/>\n<meta name=\"twitter:card\" content=\"summary_large_image\" \/>\n<meta name=\"twitter:site\" content=\"@SustainableCol1\" \/>\n<meta name=\"twitter:label1\" content=\"Tiempo de lectura\" \/>\n\t<meta name=\"twitter:data1\" content=\"1 minuto\" \/>\n<script type=\"application\/ld+json\" class=\"yoast-schema-graph\">{\"@context\":\"https:\\\/\\\/schema.org\",\"@graph\":[{\"@type\":\"WebPage\",\"@id\":\"https:\\\/\\\/columbus.amspro.net\\\/opt-out\\\/\",\"url\":\"https:\\\/\\\/columbus.amspro.net\\\/opt-out\\\/\",\"name\":\"Opt-out - Clean Energy Columbus\",\"isPartOf\":{\"@id\":\"https:\\\/\\\/columbus.amspro.net\\\/#website\"},\"primaryImageOfPage\":{\"@id\":\"https:\\\/\\\/columbus.amspro.net\\\/opt-out\\\/#primaryimage\"},\"image\":{\"@id\":\"https:\\\/\\\/columbus.amspro.net\\\/opt-out\\\/#primaryimage\"},\"thumbnailUrl\":\"https:\\\/\\\/columbus.amspro.net\\\/wp-content\\\/uploads\\\/2026\\\/03\\\/HIlltop043-gh.jpg\",\"datePublished\":\"2026-03-06T18:07:19+00:00\",\"dateModified\":\"2026-04-27T11:36:17+00:00\",\"breadcrumb\":{\"@id\":\"https:\\\/\\\/columbus.amspro.net\\\/opt-out\\\/#breadcrumb\"},\"inLanguage\":\"es\",\"potentialAction\":[{\"@type\":\"ReadAction\",\"target\":[\"https:\\\/\\\/columbus.amspro.net\\\/opt-out\\\/\"]}]},{\"@type\":\"ImageObject\",\"inLanguage\":\"es\",\"@id\":\"https:\\\/\\\/columbus.amspro.net\\\/opt-out\\\/#primaryimage\",\"url\":\"https:\\\/\\\/columbus.amspro.net\\\/wp-content\\\/uploads\\\/2026\\\/03\\\/HIlltop043-gh.jpg\",\"contentUrl\":\"https:\\\/\\\/columbus.amspro.net\\\/wp-content\\\/uploads\\\/2026\\\/03\\\/HIlltop043-gh.jpg\"},{\"@type\":\"BreadcrumbList\",\"@id\":\"https:\\\/\\\/columbus.amspro.net\\\/opt-out\\\/#breadcrumb\",\"itemListElement\":[{\"@type\":\"ListItem\",\"position\":1,\"name\":\"Home\",\"item\":\"https:\\\/\\\/columbus.amspro.net\\\/\"},{\"@type\":\"ListItem\",\"position\":2,\"name\":\"Opt-out\"}]},{\"@type\":\"WebSite\",\"@id\":\"https:\\\/\\\/columbus.amspro.net\\\/#website\",\"url\":\"https:\\\/\\\/columbus.amspro.net\\\/\",\"name\":\"Clean Energy Columbus\",\"description\":\"City&#039;s 100% Clean Energy Program\",\"publisher\":{\"@id\":\"https:\\\/\\\/columbus.amspro.net\\\/#organization\"},\"potentialAction\":[{\"@type\":\"SearchAction\",\"target\":{\"@type\":\"EntryPoint\",\"urlTemplate\":\"https:\\\/\\\/columbus.amspro.net\\\/?s={search_term_string}\"},\"query-input\":{\"@type\":\"PropertyValueSpecification\",\"valueRequired\":true,\"valueName\":\"search_term_string\"}}],\"inLanguage\":\"es\"},{\"@type\":\"Organization\",\"@id\":\"https:\\\/\\\/columbus.amspro.net\\\/#organization\",\"name\":\"Clean Energy Columbus\",\"url\":\"https:\\\/\\\/columbus.amspro.net\\\/\",\"logo\":{\"@type\":\"ImageObject\",\"inLanguage\":\"es\",\"@id\":\"https:\\\/\\\/columbus.amspro.net\\\/#\\\/schema\\\/logo\\\/image\\\/\",\"url\":\"https:\\\/\\\/columbus.amspro.net\\\/wp-content\\\/uploads\\\/2026\\\/02\\\/Screenshot_CEC-Logo.png\",\"contentUrl\":\"https:\\\/\\\/columbus.amspro.net\\\/wp-content\\\/uploads\\\/2026\\\/02\\\/Screenshot_CEC-Logo.png\",\"width\":333,\"height\":103,\"caption\":\"Clean Energy Columbus\"},\"image\":{\"@id\":\"https:\\\/\\\/columbus.amspro.net\\\/#\\\/schema\\\/logo\\\/image\\\/\"},\"sameAs\":[\"https:\\\/\\\/www.facebook.com\\\/SustainableColumbus\\\/\",\"https:\\\/\\\/x.com\\\/SustainableCol1\",\"https:\\\/\\\/www.instagram.com\\\/sustainablecolumbus\\\/\"]}]}<\/script>\n<!-- \/ Yoast SEO plugin. -->","yoast_head_json":{"title":"Opt-out - Clean Energy Columbus","robots":{"index":"index","follow":"follow","max-snippet":"max-snippet:-1","max-image-preview":"max-image-preview:large","max-video-preview":"max-video-preview:-1"},"canonical":"https:\/\/columbus.amspro.net\/es\/opt-out\/","og_locale":"es_ES","og_type":"article","og_title":"Opt-out - Clean Energy Columbus","og_description":"Opt-Out Participation is your choice You can opt out of the program at&hellip;","og_url":"https:\/\/columbus.amspro.net\/es\/opt-out\/","og_site_name":"Clean Energy Columbus","article_publisher":"https:\/\/www.facebook.com\/SustainableColumbus\/","article_modified_time":"2026-04-27T11:36:17+00:00","og_image":[{"width":600,"height":400,"url":"https:\/\/columbus.amspro.net\/wp-content\/uploads\/2026\/03\/HIlltop043-gh.jpg","type":"image\/jpeg"}],"twitter_card":"summary_large_image","twitter_site":"@SustainableCol1","twitter_misc":{"Tiempo de lectura":"1 minuto"},"schema":{"@context":"https:\/\/schema.org","@graph":[{"@type":"WebPage","@id":"https:\/\/columbus.amspro.net\/opt-out\/","url":"https:\/\/columbus.amspro.net\/opt-out\/","name":"Opt-out - Clean Energy Columbus","isPartOf":{"@id":"https:\/\/columbus.amspro.net\/#website"},"primaryImageOfPage":{"@id":"https:\/\/columbus.amspro.net\/opt-out\/#primaryimage"},"image":{"@id":"https:\/\/columbus.amspro.net\/opt-out\/#primaryimage"},"thumbnailUrl":"https:\/\/columbus.amspro.net\/wp-content\/uploads\/2026\/03\/HIlltop043-gh.jpg","datePublished":"2026-03-06T18:07:19+00:00","dateModified":"2026-04-27T11:36:17+00:00","breadcrumb":{"@id":"https:\/\/columbus.amspro.net\/opt-out\/#breadcrumb"},"inLanguage":"es","potentialAction":[{"@type":"ReadAction","target":["https:\/\/columbus.amspro.net\/opt-out\/"]}]},{"@type":"ImageObject","inLanguage":"es","@id":"https:\/\/columbus.amspro.net\/opt-out\/#primaryimage","url":"https:\/\/columbus.amspro.net\/wp-content\/uploads\/2026\/03\/HIlltop043-gh.jpg","contentUrl":"https:\/\/columbus.amspro.net\/wp-content\/uploads\/2026\/03\/HIlltop043-gh.jpg"},{"@type":"BreadcrumbList","@id":"https:\/\/columbus.amspro.net\/opt-out\/#breadcrumb","itemListElement":[{"@type":"ListItem","position":1,"name":"Home","item":"https:\/\/columbus.amspro.net\/"},{"@type":"ListItem","position":2,"name":"Opt-out"}]},{"@type":"WebSite","@id":"https:\/\/columbus.amspro.net\/#website","url":"https:\/\/columbus.amspro.net\/","name":"Energ\u00eda Limpia Columbus","description":"Programa de Energ\u00eda Limpia de la Ciudad 100%","publisher":{"@id":"https:\/\/columbus.amspro.net\/#organization"},"potentialAction":[{"@type":"SearchAction","target":{"@type":"EntryPoint","urlTemplate":"https:\/\/columbus.amspro.net\/?s={search_term_string}"},"query-input":{"@type":"PropertyValueSpecification","valueRequired":true,"valueName":"search_term_string"}}],"inLanguage":"es"},{"@type":"Organization","@id":"https:\/\/columbus.amspro.net\/#organization","name":"Energ\u00eda Limpia Columbus","url":"https:\/\/columbus.amspro.net\/","logo":{"@type":"ImageObject","inLanguage":"es","@id":"https:\/\/columbus.amspro.net\/#\/schema\/logo\/image\/","url":"https:\/\/columbus.amspro.net\/wp-content\/uploads\/2026\/02\/Screenshot_CEC-Logo.png","contentUrl":"https:\/\/columbus.amspro.net\/wp-content\/uploads\/2026\/02\/Screenshot_CEC-Logo.png","width":333,"height":103,"caption":"Clean Energy Columbus"},"image":{"@id":"https:\/\/columbus.amspro.net\/#\/schema\/logo\/image\/"},"sameAs":["https:\/\/www.facebook.com\/SustainableColumbus\/","https:\/\/x.com\/SustainableCol1","https:\/\/www.instagram.com\/sustainablecolumbus\/"]}]}},"_links":{"self":[{"href":"https:\/\/columbus.amspro.net\/es\/wp-json\/wp\/v2\/pages\/5283","targetHints":{"allow":["GET"]}}],"collection":[{"href":"https:\/\/columbus.amspro.net\/es\/wp-json\/wp\/v2\/pages"}],"about":[{"href":"https:\/\/columbus.amspro.net\/es\/wp-json\/wp\/v2\/types\/page"}],"author":[{"embeddable":true,"href":"https:\/\/columbus.amspro.net\/es\/wp-json\/wp\/v2\/users\/1"}],"replies":[{"embeddable":true,"href":"https:\/\/columbus.amspro.net\/es\/wp-json\/wp\/v2\/comments?post=5283"}],"version-history":[{"count":3,"href":"https:\/\/columbus.amspro.net\/es\/wp-json\/wp\/v2\/pages\/5283\/revisions"}],"predecessor-version":[{"id":6692,"href":"https:\/\/columbus.amspro.net\/es\/wp-json\/wp\/v2\/pages\/5283\/revisions\/6692"}],"wp:attachment":[{"href":"https:\/\/columbus.amspro.net\/es\/wp-json\/wp\/v2\/media?parent=5283"}],"curies":[{"name":"wp","href":"https:\/\/api.w.org\/{rel}","templated":true}]}}