{"id":5338,"date":"2026-03-09T10:57:26","date_gmt":"2026-03-09T10:57:26","guid":{"rendered":"https:\/\/columbus.amspro.net\/?page_id=5338"},"modified":"2026-05-08T09:29:29","modified_gmt":"2026-05-08T09:29:29","slug":"100-renewable-program","status":"publish","type":"page","link":"https:\/\/columbus.amspro.net\/es\/100-renewable-program\/","title":{"rendered":"100% Programa Renovable"},"content":{"rendered":"<div data-elementor-type=\"wp-page\" data-elementor-id=\"5338\" class=\"elementor elementor-5338\" data-elementor-post-type=\"page\">\n\t\t\t\t<div class=\"e-con-gap-no elementor-element elementor-element-7c638cf e-con-full e-flex sc_layouts_column_icons_position_left animation_type_block elementor-invisible e-con e-parent\" data-animation-type=\"block\" data-id=\"7c638cf\" data-element_type=\"container\" data-e-type=\"container\" data-settings=\"{&quot;animation&quot;:&quot;ta_fadein&quot;}\">\n\t\t<div class=\"elementor-element elementor-element-69b55b0 e-con-full e-flex sc_layouts_column_icons_position_left e-con e-child\" data-id=\"69b55b0\" data-element_type=\"container\" data-e-type=\"container\" data-settings=\"{&quot;background_background&quot;:&quot;classic&quot;}\">\n\t\t\t\t<div data-animation-type=\"char\" data-animation-stagger=\"30\" class=\"elementor-element elementor-element-67af690 elementor-widget__width-inherit animation_type_char trx-addons-animate sc_fly_static elementor-invisible elementor-widget elementor-widget-trx_elm_advanced_title\" data-id=\"67af690\" data-element_type=\"widget\" data-e-type=\"widget\" data-settings=\"{&quot;_animation&quot;:&quot;ta_fadeinup&quot;}\" data-widget_type=\"trx_elm_advanced_title.default\">\n\t\t\t\t<div class=\"elementor-widget-container\">\n\t\t\t\t\t<h2 class=\"trx-addons-advanced-title\" style=\"--var-trx-addons-advanced-title-highlight-animation-duration: 2000ms;\">\n<span class=\"trx-addons-advanced-title-item trx-addons-advanced-title-item-text elementor-repeater-item-1d8f3e7\">100% Energ\u00eda Limpia<\/span><\/h2>\t\t\t\t<\/div>\n\t\t\t\t<\/div>\n\t\t\t\t<\/div>\n\t\t\t\t<\/div>\n\t\t<div class=\"elementor-element elementor-element-8ce3d80 e-flex e-con-boxed sc_layouts_column_icons_position_left e-con e-parent\" data-id=\"8ce3d80\" data-element_type=\"container\" data-e-type=\"container\">\n\t\t\t\t\t<div class=\"e-con-inner\">\n\t\t<div class=\"elementor-element elementor-element-69ac839 e-con-full e-flex sc_layouts_column_icons_position_left e-con e-child\" data-id=\"69ac839\" data-element_type=\"container\" data-e-type=\"container\" data-settings=\"{&quot;background_background&quot;:&quot;classic&quot;}\">\n\t\t\t\t<div class=\"elementor-element elementor-element-b155495 sc_fly_static elementor-widget elementor-widget-shortcode\" data-id=\"b155495\" data-element_type=\"widget\" data-e-type=\"widget\" aria-lable=\"Step 3\" data-widget_type=\"shortcode.default\">\n\t\t\t\t<div class=\"elementor-widget-container\">\n\t\t\t\t\t\t\t<div class=\"elementor-shortcode\">    <div class=\"circle_widget_area\">\n      <div class=\"circles\">\n        <div class=\"circle first_one\" data-id=\"1\" data-show=\"hover\" data-text=\"Provide clean energy at a competitive retail energy supply cost to Columbus homes and small businesses\">\n          <div class=\"circle_text\"> <img decoding=\"async\" src=\"https:\/\/columbus.amspro.net\/wp-content\/plugins\/circle-plugin\/icons\/1.svg\" alt=\"Step 1: Clean Energy at Competitive Rate\"> <br \/> Energ\u00eda limpia a una tarifa competitiva <\/div>\n        <\/div>\n\n        <div class=\"circle second_one\" data-id=\"2\" data-show=\"hover\" data-text=\"Support local, Ohio-based clean energy development and advance Columbus\u2019 sustainable economy\">\n          <div class=\"circle_text\"> <img decoding=\"async\" src=\"https:\/\/columbus.amspro.net\/wp-content\/plugins\/circle-plugin\/icons\/2.svg\" alt=\"Step 2: Clean Energy Development\"> <br \/> 2. DESARROLLO DE ENERG\u00cdAS LIMPIAS<\/div>\n        <\/div>\n\n\n        <div class=\"circle third_one\" data-id=\"3\" data-show=\"hover\" data-text=\"Ensuring the provision of quality, reliable service and transparent information sharing\">\n          <div class=\"circle_text\"> <img decoding=\"async\" src=\"https:\/\/columbus.amspro.net\/wp-content\/plugins\/circle-plugin\/icons\/3.svg\" alt=\"Step 3: Quality Service\"> <br \/> 3. SERVICIO DE CALIDAD<\/div>\n        <\/div>\n\n\n      <\/div>\n    <\/div>\n  \n\n<\/div>\n\t\t\t\t\t\t<\/div>\n\t\t\t\t<\/div>\n\t\t\t\t<div class=\"elementor-element elementor-element-b3b2b0e sc_fly_static elementor-widget elementor-widget-heading\" data-id=\"b3b2b0e\" data-element_type=\"widget\" data-e-type=\"widget\" data-widget_type=\"heading.default\">\n\t\t\t\t<div class=\"elementor-widget-container\">\n\t\t\t\t\t<h2 class=\"elementor-heading-title elementor-size-default\">Energ\u00eda Limpia para los Residentes de Columbus<\/h2>\t\t\t\t<\/div>\n\t\t\t\t<\/div>\n\t\t\t\t<div class=\"elementor-element elementor-element-16966e1 sc_fly_static elementor-widget elementor-widget-text-editor\" data-id=\"16966e1\" data-element_type=\"widget\" data-e-type=\"widget\" data-widget_type=\"text-editor.default\">\n\t\t\t\t<div class=\"elementor-widget-container\">\n\t\t\t\t\t\t\t\t\t<p>Clean Energy Columbus, un programa de la Ciudad de Columbus, ofrece energ\u00eda limpia a precios competitivos para residentes y peque\u00f1as empresas. El programa reduce el impacto ambiental y mantiene la energ\u00eda asequible. La Ciudad se asocia con proveedores de confianza para suministrar energ\u00eda limpia 100% con sede en Ohio a la comunidad.<\/p>\t\t\t\t\t\t\t\t<\/div>\n\t\t\t\t<\/div>\n\t\t\t\t<div class=\"elementor-element elementor-element-c9dd07a sc_fly_static elementor-widget elementor-widget-image\" data-id=\"c9dd07a\" data-element_type=\"widget\" data-e-type=\"widget\" data-widget_type=\"image.default\">\n\t\t\t\t<div class=\"elementor-widget-container\">\n\t\t\t\t\t\t\t\t\t\t\t\t\t\t\t<img fetchpriority=\"high\" decoding=\"async\" width=\"2560\" height=\"1442\" src=\"https:\/\/columbus.amspro.net\/wp-content\/uploads\/2026\/03\/AdobeStock_371373307-scaled-1.jpeg\" class=\"attachment-full size-full wp-image-5568\" alt=\"Large-scale solar panel installation representing the Atlanta Farms Solar Project in Ohio\" srcset=\"https:\/\/columbus.amspro.net\/wp-content\/uploads\/2026\/03\/AdobeStock_371373307-scaled-1.jpeg 2560w, https:\/\/columbus.amspro.net\/wp-content\/uploads\/2026\/03\/AdobeStock_371373307-scaled-1-300x169.jpeg 300w, https:\/\/columbus.amspro.net\/wp-content\/uploads\/2026\/03\/AdobeStock_371373307-scaled-1-1024x577.jpeg 1024w, https:\/\/columbus.amspro.net\/wp-content\/uploads\/2026\/03\/AdobeStock_371373307-scaled-1-768x433.jpeg 768w, https:\/\/columbus.amspro.net\/wp-content\/uploads\/2026\/03\/AdobeStock_371373307-scaled-1-1536x865.jpeg 1536w, https:\/\/columbus.amspro.net\/wp-content\/uploads\/2026\/03\/AdobeStock_371373307-scaled-1-2048x1154.jpeg 2048w, https:\/\/columbus.amspro.net\/wp-content\/uploads\/2026\/03\/AdobeStock_371373307-scaled-1-370x208.jpeg 370w, https:\/\/columbus.amspro.net\/wp-content\/uploads\/2026\/03\/AdobeStock_371373307-scaled-1-924x520.jpeg 924w, https:\/\/columbus.amspro.net\/wp-content\/uploads\/2026\/03\/AdobeStock_371373307-scaled-1-410x231.jpeg 410w\" sizes=\"(max-width: 2560px) 100vw, 2560px\" \/>\t\t\t\t\t\t\t\t\t\t\t\t\t\t\t<\/div>\n\t\t\t\t<\/div>\n\t\t\t\t<\/div>\n\t\t<div class=\"elementor-element elementor-element-6c161a5 e-con-full e-flex sc_layouts_column_icons_position_left e-con e-child\" data-id=\"6c161a5\" data-element_type=\"container\" data-e-type=\"container\" data-settings=\"{&quot;background_background&quot;:&quot;classic&quot;}\">\n\t\t\t\t<div class=\"elementor-element elementor-element-ca5db20 sc_fly_static elementor-widget elementor-widget-heading\" data-id=\"ca5db20\" data-element_type=\"widget\" data-e-type=\"widget\" data-widget_type=\"heading.default\">\n\t\t\t\t<div class=\"elementor-widget-container\">\n\t\t\t\t\t<h2 class=\"elementor-heading-title elementor-size-default\">Impulsando el Futuro de Ohio<\/h2>\t\t\t\t<\/div>\n\t\t\t\t<\/div>\n\t\t\t\t<div class=\"elementor-element elementor-element-86d5e34 sc_fly_static elementor-widget elementor-widget-text-editor\" data-id=\"86d5e34\" data-element_type=\"widget\" data-e-type=\"widget\" data-widget_type=\"text-editor.default\">\n\t\t\t\t<div class=\"elementor-widget-container\">\n\t\t\t\t\t\t\t\t\t<p>Clean Energy Columbus apoya proyectos en todo Ohio que ampl\u00edan el acceso a energ\u00edas renovables al tiempo que crean empleos locales.<\/p><p>El Proyecto Solar Atlanta Farms ha creado m\u00e1s de 300 empleos locales <span style=\"font-weight: 400;\">y proporciona al programa energ\u00eda limpia<\/span>. Tambi\u00e9n proporciona acceso comunitario a energ\u00eda renovable sin necesidad de instalar paneles solares individuales. Se espera que el proyecto, a lo largo de su vida \u00fatil, genere $48 millones en ingresos fiscales y mejore la confiabilidad energ\u00e9tica para los residentes del centro de Ohio.<\/p><p>Otro proyecto, Clinton Solar, es una granja solar de 49 MW actualmente en construcci\u00f3n en el condado de Clinton. Una vez completada, proporcionar\u00e1 una fuente de energ\u00eda estable y sostenible, al tiempo que apoyar\u00e1 tanto los objetivos ambientales como el desarrollo econ\u00f3mico local.<\/p>\t\t\t\t\t\t\t\t<\/div>\n\t\t\t\t<\/div>\n\t\t\t\t<div class=\"elementor-element elementor-element-2dbaae5 sc_fly_static elementor-widget elementor-widget-html\" data-id=\"2dbaae5\" data-element_type=\"widget\" data-e-type=\"widget\" data-widget_type=\"html.default\">\n\t\t\t\t<div class=\"elementor-widget-container\">\n\t\t\t\t\t<iframe src=\"https:\/\/www.google.com\/maps\/d\/u\/0\/embed?mid=1M_aLzCJhZz-_0hTbXQjXj4YH6O71H6s&ehbc=2E312F&noprof=1\" width=\"640\" height=\"480\"><\/iframe>\t\t\t\t<\/div>\n\t\t\t\t<\/div>\n\t\t\t\t<div class=\"elementor-element elementor-element-b7a018d sc_fly_static elementor-widget elementor-widget-image\" data-id=\"b7a018d\" data-element_type=\"widget\" data-e-type=\"widget\" data-widget_type=\"image.default\">\n\t\t\t\t<div class=\"elementor-widget-container\">\n\t\t\t\t\t\t\t\t\t\t\t\t\t\t\t<img decoding=\"async\" width=\"1024\" height=\"642\" src=\"https:\/\/columbus.amspro.net\/wp-content\/uploads\/2026\/03\/PE-37138982-Clean-Energy-Columbus-February-Blog-Graphic-2025-1-1024x642-1.png\" class=\"attachment-full size-full wp-image-5546\" alt=\"Clean Energy Columbus 2025 program overview infographic\" srcset=\"https:\/\/columbus.amspro.net\/wp-content\/uploads\/2026\/03\/PE-37138982-Clean-Energy-Columbus-February-Blog-Graphic-2025-1-1024x642-1.png 1024w, https:\/\/columbus.amspro.net\/wp-content\/uploads\/2026\/03\/PE-37138982-Clean-Energy-Columbus-February-Blog-Graphic-2025-1-1024x642-1-300x188.png 300w, https:\/\/columbus.amspro.net\/wp-content\/uploads\/2026\/03\/PE-37138982-Clean-Energy-Columbus-February-Blog-Graphic-2025-1-1024x642-1-768x482.png 768w, https:\/\/columbus.amspro.net\/wp-content\/uploads\/2026\/03\/PE-37138982-Clean-Energy-Columbus-February-Blog-Graphic-2025-1-1024x642-1-370x232.png 370w, https:\/\/columbus.amspro.net\/wp-content\/uploads\/2026\/03\/PE-37138982-Clean-Energy-Columbus-February-Blog-Graphic-2025-1-1024x642-1-924x579.png 924w, https:\/\/columbus.amspro.net\/wp-content\/uploads\/2026\/03\/PE-37138982-Clean-Energy-Columbus-February-Blog-Graphic-2025-1-1024x642-1-410x257.png 410w\" sizes=\"(max-width: 1024px) 100vw, 1024px\" \/>\t\t\t\t\t\t\t\t\t\t\t\t\t\t\t<\/div>\n\t\t\t\t<\/div>\n\t\t\t\t<\/div>\n\t\t\t\t\t<\/div>\n\t\t\t\t<\/div>\n\t\t\t\t<\/div>","protected":false},"excerpt":{"rendered":"<p>100% Clean Energy Clean Energy for Columbus Residents Clean Energy Columbus, a program&hellip;<\/p>","protected":false},"author":1,"featured_media":0,"parent":0,"menu_order":0,"comment_status":"closed","ping_status":"closed","template":"elementor_header_footer","meta":{"footnotes":""},"class_list":["post-5338","page","type-page","status-publish","hentry"],"yoast_head":"<!-- This site is optimized with the Yoast SEO plugin v27.5 - https:\/\/yoast.com\/product\/yoast-seo-wordpress\/ -->\n<title>100% Renewable Program - Clean Energy Columbus<\/title>\n<meta name=\"robots\" content=\"index, follow, max-snippet:-1, max-image-preview:large, max-video-preview:-1\" \/>\n<link rel=\"canonical\" href=\"https:\/\/columbus.amspro.net\/es\/100-renewable-program\/\" \/>\n<meta property=\"og:locale\" content=\"es_ES\" \/>\n<meta property=\"og:type\" content=\"article\" \/>\n<meta property=\"og:title\" content=\"100% Renewable Program - Clean Energy Columbus\" \/>\n<meta property=\"og:description\" content=\"100% Clean Energy Clean Energy for Columbus Residents Clean Energy Columbus, a program&hellip;\" \/>\n<meta property=\"og:url\" content=\"https:\/\/columbus.amspro.net\/es\/100-renewable-program\/\" \/>\n<meta property=\"og:site_name\" content=\"Clean Energy Columbus\" \/>\n<meta property=\"article:publisher\" content=\"https:\/\/www.facebook.com\/SustainableColumbus\/\" \/>\n<meta property=\"article:modified_time\" content=\"2026-05-08T09:29:29+00:00\" \/>\n<meta property=\"og:image\" content=\"https:\/\/columbus.amspro.net\/wp-content\/uploads\/2026\/03\/AdobeStock_371373307-scaled-1.jpeg\" \/>\n<meta name=\"twitter:card\" content=\"summary_large_image\" \/>\n<meta name=\"twitter:site\" content=\"@SustainableCol1\" \/>\n<meta name=\"twitter:label1\" content=\"Tiempo de lectura\" \/>\n\t<meta name=\"twitter:data1\" content=\"2 minutos\" \/>\n<script type=\"application\/ld+json\" class=\"yoast-schema-graph\">{\"@context\":\"https:\\\/\\\/schema.org\",\"@graph\":[{\"@type\":\"WebPage\",\"@id\":\"https:\\\/\\\/columbus.amspro.net\\\/100-renewable-program\\\/\",\"url\":\"https:\\\/\\\/columbus.amspro.net\\\/100-renewable-program\\\/\",\"name\":\"100% Renewable Program - Clean Energy Columbus\",\"isPartOf\":{\"@id\":\"https:\\\/\\\/columbus.amspro.net\\\/#website\"},\"primaryImageOfPage\":{\"@id\":\"https:\\\/\\\/columbus.amspro.net\\\/100-renewable-program\\\/#primaryimage\"},\"image\":{\"@id\":\"https:\\\/\\\/columbus.amspro.net\\\/100-renewable-program\\\/#primaryimage\"},\"thumbnailUrl\":\"https:\\\/\\\/columbus.amspro.net\\\/wp-content\\\/uploads\\\/2026\\\/03\\\/AdobeStock_371373307-scaled-1.jpeg\",\"datePublished\":\"2026-03-09T10:57:26+00:00\",\"dateModified\":\"2026-05-08T09:29:29+00:00\",\"breadcrumb\":{\"@id\":\"https:\\\/\\\/columbus.amspro.net\\\/100-renewable-program\\\/#breadcrumb\"},\"inLanguage\":\"es\",\"potentialAction\":[{\"@type\":\"ReadAction\",\"target\":[\"https:\\\/\\\/columbus.amspro.net\\\/100-renewable-program\\\/\"]}]},{\"@type\":\"ImageObject\",\"inLanguage\":\"es\",\"@id\":\"https:\\\/\\\/columbus.amspro.net\\\/100-renewable-program\\\/#primaryimage\",\"url\":\"https:\\\/\\\/columbus.amspro.net\\\/wp-content\\\/uploads\\\/2026\\\/03\\\/AdobeStock_371373307-scaled-1.jpeg\",\"contentUrl\":\"https:\\\/\\\/columbus.amspro.net\\\/wp-content\\\/uploads\\\/2026\\\/03\\\/AdobeStock_371373307-scaled-1.jpeg\"},{\"@type\":\"BreadcrumbList\",\"@id\":\"https:\\\/\\\/columbus.amspro.net\\\/100-renewable-program\\\/#breadcrumb\",\"itemListElement\":[{\"@type\":\"ListItem\",\"position\":1,\"name\":\"Home\",\"item\":\"https:\\\/\\\/columbus.amspro.net\\\/\"},{\"@type\":\"ListItem\",\"position\":2,\"name\":\"100% Renewable Program\"}]},{\"@type\":\"WebSite\",\"@id\":\"https:\\\/\\\/columbus.amspro.net\\\/#website\",\"url\":\"https:\\\/\\\/columbus.amspro.net\\\/\",\"name\":\"Clean Energy Columbus\",\"description\":\"City&#039;s 100% Clean Energy Program\",\"publisher\":{\"@id\":\"https:\\\/\\\/columbus.amspro.net\\\/#organization\"},\"potentialAction\":[{\"@type\":\"SearchAction\",\"target\":{\"@type\":\"EntryPoint\",\"urlTemplate\":\"https:\\\/\\\/columbus.amspro.net\\\/?s={search_term_string}\"},\"query-input\":{\"@type\":\"PropertyValueSpecification\",\"valueRequired\":true,\"valueName\":\"search_term_string\"}}],\"inLanguage\":\"es\"},{\"@type\":\"Organization\",\"@id\":\"https:\\\/\\\/columbus.amspro.net\\\/#organization\",\"name\":\"Clean Energy Columbus\",\"url\":\"https:\\\/\\\/columbus.amspro.net\\\/\",\"logo\":{\"@type\":\"ImageObject\",\"inLanguage\":\"es\",\"@id\":\"https:\\\/\\\/columbus.amspro.net\\\/#\\\/schema\\\/logo\\\/image\\\/\",\"url\":\"https:\\\/\\\/columbus.amspro.net\\\/wp-content\\\/uploads\\\/2026\\\/02\\\/Screenshot_CEC-Logo.png\",\"contentUrl\":\"https:\\\/\\\/columbus.amspro.net\\\/wp-content\\\/uploads\\\/2026\\\/02\\\/Screenshot_CEC-Logo.png\",\"width\":333,\"height\":103,\"caption\":\"Clean Energy Columbus\"},\"image\":{\"@id\":\"https:\\\/\\\/columbus.amspro.net\\\/#\\\/schema\\\/logo\\\/image\\\/\"},\"sameAs\":[\"https:\\\/\\\/www.facebook.com\\\/SustainableColumbus\\\/\",\"https:\\\/\\\/x.com\\\/SustainableCol1\",\"https:\\\/\\\/www.instagram.com\\\/sustainablecolumbus\\\/\"]}]}<\/script>\n<!-- \/ Yoast SEO plugin. -->","yoast_head_json":{"title":"100% Renewable Program - Clean Energy Columbus","robots":{"index":"index","follow":"follow","max-snippet":"max-snippet:-1","max-image-preview":"max-image-preview:large","max-video-preview":"max-video-preview:-1"},"canonical":"https:\/\/columbus.amspro.net\/es\/100-renewable-program\/","og_locale":"es_ES","og_type":"article","og_title":"100% Renewable Program - Clean Energy Columbus","og_description":"100% Clean Energy Clean Energy for Columbus Residents Clean Energy Columbus, a program&hellip;","og_url":"https:\/\/columbus.amspro.net\/es\/100-renewable-program\/","og_site_name":"Clean Energy Columbus","article_publisher":"https:\/\/www.facebook.com\/SustainableColumbus\/","article_modified_time":"2026-05-08T09:29:29+00:00","og_image":[{"url":"https:\/\/columbus.amspro.net\/wp-content\/uploads\/2026\/03\/AdobeStock_371373307-scaled-1.jpeg","type":"","width":"","height":""}],"twitter_card":"summary_large_image","twitter_site":"@SustainableCol1","twitter_misc":{"Tiempo de lectura":"2 minutos"},"schema":{"@context":"https:\/\/schema.org","@graph":[{"@type":"WebPage","@id":"https:\/\/columbus.amspro.net\/100-renewable-program\/","url":"https:\/\/columbus.amspro.net\/100-renewable-program\/","name":"100% Renewable Program - Clean Energy Columbus","isPartOf":{"@id":"https:\/\/columbus.amspro.net\/#website"},"primaryImageOfPage":{"@id":"https:\/\/columbus.amspro.net\/100-renewable-program\/#primaryimage"},"image":{"@id":"https:\/\/columbus.amspro.net\/100-renewable-program\/#primaryimage"},"thumbnailUrl":"https:\/\/columbus.amspro.net\/wp-content\/uploads\/2026\/03\/AdobeStock_371373307-scaled-1.jpeg","datePublished":"2026-03-09T10:57:26+00:00","dateModified":"2026-05-08T09:29:29+00:00","breadcrumb":{"@id":"https:\/\/columbus.amspro.net\/100-renewable-program\/#breadcrumb"},"inLanguage":"es","potentialAction":[{"@type":"ReadAction","target":["https:\/\/columbus.amspro.net\/100-renewable-program\/"]}]},{"@type":"ImageObject","inLanguage":"es","@id":"https:\/\/columbus.amspro.net\/100-renewable-program\/#primaryimage","url":"https:\/\/columbus.amspro.net\/wp-content\/uploads\/2026\/03\/AdobeStock_371373307-scaled-1.jpeg","contentUrl":"https:\/\/columbus.amspro.net\/wp-content\/uploads\/2026\/03\/AdobeStock_371373307-scaled-1.jpeg"},{"@type":"BreadcrumbList","@id":"https:\/\/columbus.amspro.net\/100-renewable-program\/#breadcrumb","itemListElement":[{"@type":"ListItem","position":1,"name":"Home","item":"https:\/\/columbus.amspro.net\/"},{"@type":"ListItem","position":2,"name":"100% Renewable Program"}]},{"@type":"WebSite","@id":"https:\/\/columbus.amspro.net\/#website","url":"https:\/\/columbus.amspro.net\/","name":"Energ\u00eda Limpia Columbus","description":"Programa de Energ\u00eda Limpia de la Ciudad 100%","publisher":{"@id":"https:\/\/columbus.amspro.net\/#organization"},"potentialAction":[{"@type":"SearchAction","target":{"@type":"EntryPoint","urlTemplate":"https:\/\/columbus.amspro.net\/?s={search_term_string}"},"query-input":{"@type":"PropertyValueSpecification","valueRequired":true,"valueName":"search_term_string"}}],"inLanguage":"es"},{"@type":"Organization","@id":"https:\/\/columbus.amspro.net\/#organization","name":"Energ\u00eda Limpia Columbus","url":"https:\/\/columbus.amspro.net\/","logo":{"@type":"ImageObject","inLanguage":"es","@id":"https:\/\/columbus.amspro.net\/#\/schema\/logo\/image\/","url":"https:\/\/columbus.amspro.net\/wp-content\/uploads\/2026\/02\/Screenshot_CEC-Logo.png","contentUrl":"https:\/\/columbus.amspro.net\/wp-content\/uploads\/2026\/02\/Screenshot_CEC-Logo.png","width":333,"height":103,"caption":"Clean Energy Columbus"},"image":{"@id":"https:\/\/columbus.amspro.net\/#\/schema\/logo\/image\/"},"sameAs":["https:\/\/www.facebook.com\/SustainableColumbus\/","https:\/\/x.com\/SustainableCol1","https:\/\/www.instagram.com\/sustainablecolumbus\/"]}]}},"_links":{"self":[{"href":"https:\/\/columbus.amspro.net\/es\/wp-json\/wp\/v2\/pages\/5338","targetHints":{"allow":["GET"]}}],"collection":[{"href":"https:\/\/columbus.amspro.net\/es\/wp-json\/wp\/v2\/pages"}],"about":[{"href":"https:\/\/columbus.amspro.net\/es\/wp-json\/wp\/v2\/types\/page"}],"author":[{"embeddable":true,"href":"https:\/\/columbus.amspro.net\/es\/wp-json\/wp\/v2\/users\/1"}],"replies":[{"embeddable":true,"href":"https:\/\/columbus.amspro.net\/es\/wp-json\/wp\/v2\/comments?post=5338"}],"version-history":[{"count":6,"href":"https:\/\/columbus.amspro.net\/es\/wp-json\/wp\/v2\/pages\/5338\/revisions"}],"predecessor-version":[{"id":7061,"href":"https:\/\/columbus.amspro.net\/es\/wp-json\/wp\/v2\/pages\/5338\/revisions\/7061"}],"wp:attachment":[{"href":"https:\/\/columbus.amspro.net\/es\/wp-json\/wp\/v2\/media?parent=5338"}],"curies":[{"name":"wp","href":"https:\/\/api.w.org\/{rel}","templated":true}]}}